{"id":2038,"date":"2025-09-01T18:48:56","date_gmt":"2025-09-01T16:48:56","guid":{"rendered":"http:\/\/franckdadure.com\/LCAD\/?page_id=2038"},"modified":"2026-02-23T17:05:19","modified_gmt":"2026-02-23T16:05:19","slug":"cine-concert-wings","status":"publish","type":"page","link":"http:\/\/franckdadure.com\/LCAD\/index.php\/cine-concert-wings\/","title":{"rendered":"Cin\u00e9 concert"},"content":{"rendered":"\n\n\n<pre class=\"wp-block-preformatted has-small-font-size\"><\/pre>\n\n\n\n<p class=\"has-yellow-background-color has-background has-small-font-size\">Cin\u00e9-concert \u00a0\u00ab\u00a0Le Dernier des Mohicans\u00a0\u00bb de Maurice Tourneur (1920)<br>G\u00e9n\u00e9rique et Theme principal \u00ab\u00a0Dark Rumba\u00a0\u00bb<br>Musique compos\u00e9e et jou\u00e9e en direct par\u00a0<br>Franck Dadure \u00e0 la Cin\u00e9math\u00e8que Fran\u00e7aise, Paris,<br>le 22 02 2026. Production @JulieTippex.\u00a0<\/p>\n\n\n<iframe loading=\"lazy\" width=\"560\" height=\"315\" src=\"https:\/\/www.youtube.com\/embed\/QSs1ibwIFy0?si=gJkQTCx7F5uRzq_p\" title=\"YouTube video player\" frameborder=\"0\" allow=\"accelerometer; autoplay; clipboard-write; encrypted-media; gyroscope; picture-in-picture; web-share\" referrerpolicy=\"strict-origin-when-cross-origin\" allowfullscreen><\/iframe>\n\n\n\n<p class=\"fonts-plugin-block \"><\/p>\n\n\n<hr class=\"wp-block-separator has-alpha-channel-opacity\"\/>\n\n\n\n<p><\/p>\n\n\n\n<p class=\"has-medium-pink-background-color has-background has-small-font-size\"><strong>WINGS by W.WELLMAN-Musique du cin\u00e9-concert compos\u00e9e par Franck Dadure<\/strong> .extraits du Cin\u00e9 concert donn\u00e9 \u00e0 la Cin\u00e9math\u00e8que Fran\u00e7aise le 27-08-2025 composition et interpr\u00e9tation par Franck Dadure (electric guitar and electronics) accompagn\u00e9 de Elliott Touzalin (Tp et electronics), pour le film WINGS (les Ailes) de William Wellman (1927).-<em>excerpts from the Cine-concert given at the Cin\u00e9math\u00e8que Fran\u00e7aise on 27-08-2025 composition and performance by Franck Dadure (electric guitar and electronics) accompanied by Elliott Touzalin (Tp and electronics), for the film WINGS by William Wellman (1927).<\/em><\/p>\n\n\n\n<p class=\"has-medium-pink-background-color has-background has-small-font-size\"><span style=\"text-decoration: underline;\"><strong>G\u00e9n\u00e9rique d\u00e9but<\/strong>:<\/span> <em>(Opening soundtrack)<\/em><\/p>\n\n\n<p><iframe loading=\"lazy\" title=\"YouTube video player\" src=\"https:\/\/www.youtube.com\/embed\/2m6krRHuJkM?si=rZc2w80H-SVzjw1V\" width=\"560\" height=\"315\" frameborder=\"0\" allowfullscreen=\"allowfullscreen\"><\/iframe><\/p>\n<p><span style=\"text-decoration: underline; font-size: 13px;\"><strong>sc\u00e8ne Crash final<\/strong><\/span><\/p>\n<p><iframe loading=\"lazy\" title=\"YouTube \n\n\nvideo player\" src=\"https:\/\/www.youtube.com\/embed\/P5fHpC0tFmg?si=pAHiwhJp6QI1rPs2\" width=\"560\" height=\"315\" frameborder=\"0\" allowfullscreen=\"allowfullscreen\"><\/iframe><\/p>\n<p><span style=\"text-decoration: underline; font-size: 14px;\"><strong>Cin\u00e9 concert complet : <\/strong><em>(Full movie with soundtrack by Franck Dadure)<\/em><\/span><\/p>\n<p><iframe loading=\"lazy\" title=\"YouTube video player\" src=\"https:\/\/www.youtube.com\/embed\/ZPdCLe4fzsA?si=IZGVrn2BAHuvOUVq\" width=\"560\" height=\"315\" frameborder=\"0\" allowfullscreen=\"allowfullscreen\">\n<p><iframe loading=\"lazy\" width=\"560\" height=\"315\" src=\"https:\/\/www.youtube.com\/embed\/q9emcuB1Bvw?si=XAkevL07nNMxPQEs\" title=\"YouTube video player\" frameborder=\"0\" allow=\"accelerometer; autoplay; clipboard-write; encrypted-media; gyroscope; picture-in-picture; web-share\" referrerpolicy=\"strict-origin-when-cross-origin\" allowfullscreen=\"allowfullscreen\"><\/iframe><\/p><\/iframe><\/p>\n<p>\u00a0<\/p>\n<p>`<\/p>\n\n\n<p><\/p>\n\n\n\n<p><\/p>\n","protected":false},"excerpt":{"rendered":"<p>Cin\u00e9-concert \u00a0\u00ab\u00a0Le Dernier des Mohicans\u00a0\u00bb de Maurice Tourneur (1920)G\u00e9n\u00e9rique et Theme principal \u00ab\u00a0Dark Rumba\u00a0\u00bbMusique compos\u00e9e et jou\u00e9e en direct par\u00a0Franck Dadure \u00e0 la Cin\u00e9math\u00e8que Fran\u00e7aise, Paris,le 22 02 2026. Production @JulieTippex.\u00a0 WINGS by W.WELLMAN-Musique du cin\u00e9-concert compos\u00e9e par Franck Dadure .extraits du Cin\u00e9 concert donn\u00e9 \u00e0 la Cin\u00e9math\u00e8que Fran\u00e7aise le 27-08-2025 composition et interpr\u00e9tation par &hellip; <a href=\"http:\/\/franckdadure.com\/LCAD\/index.php\/cine-concert-wings\/\" class=\"more-link\">Continuer la lecture de <span class=\"screen-reader-text\">Cin\u00e9 concert<\/span><\/a><\/p>\n","protected":false},"author":1,"featured_media":0,"parent":0,"menu_order":0,"comment_status":"closed","ping_status":"closed","template":"","meta":{"footnotes":""},"class_list":["post-2038","page","type-page","status-publish","hentry"],"_links":{"self":[{"href":"http:\/\/franckdadure.com\/LCAD\/index.php\/wp-json\/wp\/v2\/pages\/2038","targetHints":{"allow":["GET"]}}],"collection":[{"href":"http:\/\/franckdadure.com\/LCAD\/index.php\/wp-json\/wp\/v2\/pages"}],"about":[{"href":"http:\/\/franckdadure.com\/LCAD\/index.php\/wp-json\/wp\/v2\/types\/page"}],"author":[{"embeddable":true,"href":"http:\/\/franckdadure.com\/LCAD\/index.php\/wp-json\/wp\/v2\/users\/1"}],"replies":[{"embeddable":true,"href":"http:\/\/franckdadure.com\/LCAD\/index.php\/wp-json\/wp\/v2\/comments?post=2038"}],"version-history":[{"count":41,"href":"http:\/\/franckdadure.com\/LCAD\/index.php\/wp-json\/wp\/v2\/pages\/2038\/revisions"}],"predecessor-version":[{"id":2247,"href":"http:\/\/franckdadure.com\/LCAD\/index.php\/wp-json\/wp\/v2\/pages\/2038\/revisions\/2247"}],"wp:attachment":[{"href":"http:\/\/franckdadure.com\/LCAD\/index.php\/wp-json\/wp\/v2\/media?parent=2038"}],"curies":[{"name":"wp","href":"https:\/\/api.w.org\/{rel}","templated":true}]}}