{"id":115,"date":"2020-06-22T14:20:59","date_gmt":"2020-06-22T12:20:59","guid":{"rendered":"http:\/\/franckdadure.com\/LCAD\/?page_id=115"},"modified":"2025-01-01T20:04:34","modified_gmt":"2025-01-01T19:04:34","slug":"ikejime","status":"publish","type":"page","link":"http:\/\/franckdadure.com\/LCAD\/index.php\/ikejime\/","title":{"rendered":"Ik\u00e9jim\u00e9"},"content":{"rendered":"<pre><strong class=\"\">Franck Dadure (FR) &amp; Soheil Peyghambari (IR)<\/strong><\/pre>\n<pre><span style=\"font-family: arial, helvetica, sans-serif;\"><strong class=\"\"><img loading=\"lazy\" decoding=\"async\" class=\"alignnone wp-image-116 size-full\" src=\"http:\/\/franckdadure.com\/LCAD\/wp-content\/uploads\/2020\/06\/Ikejime-pechon.jpg\" alt=\"Ikejime pechon\" width=\"640\" height=\"359\" srcset=\"http:\/\/franckdadure.com\/LCAD\/index.php\/i-play-guitar\/wp-content\/uploads\/2020\/06\/Ikejime-pechon.jpg 640w, http:\/\/franckdadure.com\/LCAD\/index.php\/i-play-guitar\/wp-content\/uploads\/2020\/06\/Ikejime-pechon-300x168.jpg 300w\" sizes=\"auto, (max-width: 640px) 100vw, 640px\" \/><\/strong><\/span><span style=\"font-family: Catamaran; font-size: 14px;\"><span style=\"font-family: arial, helvetica, sans-serif;\">Franck Dadure (France) and Soheil Peyghambari (Iran) met via the internet. After a first remote production, they are invited to improvise in the show Tapage Nocturne by Bruno Letort on France Musique: The IKEJIME duo is created.\n\nFranck Dadure (France) et&nbsp;Soheil&nbsp;&nbsp;Peyghambari (Iran) se&nbsp;sont rencontr\u00e9s via internet.&nbsp;Apr\u00e8s une premi\u00e8re production \u00e0&nbsp;distance, ils sont invit\u00e9s \u00e0&nbsp;improviser dans l\u2019\u00e9mission&nbsp;Tapage Nocturne de Bruno Letort&nbsp;sur France Musique: Le duo&nbsp;IKEJIME est cr\u00e9\u00e9.<\/span> \n\n<\/span><a style=\"color: #cccccc; text-decoration: none;\" title=\"Franck Dadure compositeur\" href=\"https:\/\/soundcloud.com\/franckdadure\" target=\"_blank\" rel=\"noopener\"> Dadure compositeur<\/a> \u00b7 <a style=\"color: #cccccc; text-decoration: none;\" title=\"ReMiX -Taksim Setar Machine Franck Dadure (Fr)  Soheil Peyghambari (Ir)\" href=\"https:\/\/soundcloud.com\/franckdadure\/remix-taksim-setar-machine\" target=\"_blank\" rel=\"noopener\">ReMiX -Taksim Setar Machine Franck Dadure (Fr) Soheil Peyghambari (Ir)<\/a><\/pre>\n<pre><strong class=\"\">track 1:<strong> Bogaz Vapur<\/strong><\/strong><\/pre>\n<pre><strong class=\"\"><iframe loading=\"lazy\" style=\"border: 0; width: 100%; height: 120px;\" src=\"https:\/\/bandcamp.com\/EmbeddedPlayer\/track=2343447781\/size=large\/bgcol=ffffff\/linkcol=0687f5\/tracklist=false\/artwork=small\/transparent=true\/\" width=\"300\" height=\"150\" seamless=\"\">&amp;amp;amp;amp;lt;a href=\"https:\/\/franckdadure1.bandcamp.com\/track\/bogaz-vapur\"&amp;amp;amp;amp;gt;Bogaz Vapur by Franck Dadure &amp;amp;amp;amp;amp;amp; Soheil Peyghambari&amp;amp;amp;amp;lt;\/a&amp;amp;amp;amp;gt;<\/iframe> <\/strong><\/pre>\n<pre><span style=\"font-family: Catamaran;\"><span style=\"font-size: 17px;\">track 2 :<strong> Taksim Setar Machine \n<iframe loading=\"lazy\" src=\"https:\/\/w.soundcloud.com\/player\/?url=https%3A\/\/api.soundcloud.com\/tracks\/157418704&amp;color=%23fff500&amp;auto_play=false&amp;hide_related=false&amp;show_comments=true&amp;show_user=true&amp;show_reposts=false&amp;show_teaser=true\" width=\"100%\" height=\"166\" frameborder=\"no\" scrolling=\"no\" data-mce-fragment=\"1\"><\/iframe><\/strong><\/span><\/span><\/pre>\n<div style=\"font-size: 10px; color: #cccccc; line-break: anywhere; word-break: normal; overflow: hidden; white-space: nowrap; text-overflow: ellipsis; font-family: Interstate,Lucida Grande,Lucida Sans Unicode,Lucida Sans,Garuda,Verdana,Tahoma,sans-serif; font-weight: 100;\"><a style=\"color: #cccccc; text-decoration: none;\" title=\"Franck Dadure compositeur\" href=\"https:\/\/soundcloud.com\/franckdadure\" target=\"_blank\" rel=\"noopener\">Franck<\/a><\/div>\n<pre><strong>track 3: improvisation @ Radio France\/France Musique<\/strong><\/pre>\n<p><iframe loading=\"lazy\" style=\"border: 0; width: 100%; height: 120px;\" src=\"https:\/\/bandcamp.com\/EmbeddedPlayer\/track=1656861469\/size=large\/bgcol=ffffff\/linkcol=0687f5\/tracklist=false\/artwork=small\/transparent=true\/\" width=\"300\" height=\"150\" seamless=\"\">&amp;amp;amp;amp;lt;a href=\u00a0\u00bbhttps:\/\/franckdadure1.bandcamp.com\/track\/ikejime-duo-franck-dadure-soheil-peyghambari-improvisation-radio-france\u00a0\u00bb&amp;amp;amp;amp;gt;Ikejime duo- Franck Dadure &amp;amp;amp;amp;amp;amp; Soheil Peyghambari-Improvisation @ Radio France &#8211; by Ikejime duo-Franck Dadure &amp;amp;amp;amp;amp;amp; Soheil Peyghambari&amp;amp;amp;amp;lt;\/a&amp;amp;amp;amp;gt;<\/iframe><\/p>\n\n\n<p><strong class=\"\"><img loading=\"lazy\" decoding=\"async\" width=\"313\" height=\"512\" src=\"http:\/\/franckdadure.com\/LCAD\/wp-content\/uploads\/2020\/06\/Capture-d\u2019\u00e9cran-2020-02-03-\u00e0-09.35.21-626x1024.jpg\" alt=\"Capture d\u2019\u00e9cran 2020-02-03 \u00e0 09.35.21\"><\/strong><\/p>\n\n\n\n<p><strong class=\"\">Franck Dadure<\/strong> French composer, musician, producer, and improviser Franck \u00a0is illustrated under various pseudonyms as much in the experimental electroacoustic as in a futuristic and creative Jazz with his group \u00ab\u00a0The Fakir Orchestra\u00a0\u00bb as well as in multiple satellite projects.Franck Dadure has recorded two albums in the Signature \/ Radio France collection:<\/p>\n\n\n\n<p> <em><strong>\u00ab\u00a0Tako Mitsu\u00a0\u00bb<\/strong>\u00a0,\u00a0 REF\u00a0<a class=\"\" href=\"http:\/\/editions.radiofrance.fr\/produits\/tako-mitsu\/\">SIGNATURE<\/a>11095<\/em> <\/p>\n\n\n\n<p><em><strong> \u00abM\u00e9lodies lunatiques\u00a0\u00bb<\/strong> REF\u00a0<a class=\"\" href=\"http:\/\/editions.radiofrance.fr\/produits\/melodies-lunatiques\/\">SIGNATURE<\/a>\u00a011074 <\/em><\/p>\n\n\n\n<p><em> <\/em><strong class=\"\">Soheil Peyghambari<\/strong> Multi instrumentalist (clarinet, wood) and Iranian composer, Soheil Peyghambari was named best fusion music album of the year, for the album \u00ab\u00a0Assumption (Gam\u0101neh)\u00a0\u00bb, by the FIMF festival in 2015. He joined the \u00ab\u00a0Quartet Diminished\u00a0\u00bb in 2016 and released the album \u00ab\u00a0Station Two\u00a0\u00bb in 2018 under the label Hermes Records. https:\/\/bandcamp.com\/band_follow_button_deluxe\/1268553354<\/p>\n","protected":false},"excerpt":{"rendered":"<p>Franck Dadure (FR) &amp; Soheil Peyghambari (IR) Franck Dadure (France) and Soheil Peyghambari (Iran) met via the internet. After a first remote production, they are invited to improvise in the show Tapage Nocturne by Bruno Letort on France Musique: The IKEJIME duo is created. Franck Dadure (France) et&nbsp;Soheil&nbsp;&nbsp;Peyghambari (Iran) se&nbsp;sont rencontr\u00e9s via internet.&nbsp;Apr\u00e8s une premi\u00e8re &hellip; <a href=\"http:\/\/franckdadure.com\/LCAD\/index.php\/ikejime\/\" class=\"more-link\">Continuer la lecture de <span class=\"screen-reader-text\">Ik\u00e9jim\u00e9<\/span><\/a><\/p>\n","protected":false},"author":1,"featured_media":0,"parent":0,"menu_order":0,"comment_status":"closed","ping_status":"closed","template":"","meta":{"footnotes":""},"class_list":["post-115","page","type-page","status-publish","hentry"],"_links":{"self":[{"href":"http:\/\/franckdadure.com\/LCAD\/index.php\/wp-json\/wp\/v2\/pages\/115","targetHints":{"allow":["GET"]}}],"collection":[{"href":"http:\/\/franckdadure.com\/LCAD\/index.php\/wp-json\/wp\/v2\/pages"}],"about":[{"href":"http:\/\/franckdadure.com\/LCAD\/index.php\/wp-json\/wp\/v2\/types\/page"}],"author":[{"embeddable":true,"href":"http:\/\/franckdadure.com\/LCAD\/index.php\/wp-json\/wp\/v2\/users\/1"}],"replies":[{"embeddable":true,"href":"http:\/\/franckdadure.com\/LCAD\/index.php\/wp-json\/wp\/v2\/comments?post=115"}],"version-history":[{"count":21,"href":"http:\/\/franckdadure.com\/LCAD\/index.php\/wp-json\/wp\/v2\/pages\/115\/revisions"}],"predecessor-version":[{"id":1847,"href":"http:\/\/franckdadure.com\/LCAD\/index.php\/wp-json\/wp\/v2\/pages\/115\/revisions\/1847"}],"wp:attachment":[{"href":"http:\/\/franckdadure.com\/LCAD\/index.php\/wp-json\/wp\/v2\/media?parent=115"}],"curies":[{"name":"wp","href":"https:\/\/api.w.org\/{rel}","templated":true}]}}