{"id":1073,"date":"2023-03-30T12:13:55","date_gmt":"2023-03-30T10:13:55","guid":{"rendered":"http:\/\/franckdadure.com\/LCAD\/?page_id=1073"},"modified":"2026-03-27T12:50:27","modified_gmt":"2026-03-27T11:50:27","slug":"art-rock","status":"publish","type":"page","link":"http:\/\/franckdadure.com\/LCAD\/index.php\/art-rock\/","title":{"rendered":"The Prince-Pirate"},"content":{"rendered":"\n<p style=\"font-size:15px\">Chansons rock-Arty \u00e0 la po\u00e9sie surr\u00e9aliste et instrumentaux cin\u00e9matiques aux nombreuses influences. The Prince-pirate \u00e9crit des histoires Rock po\u00e9tiques et surr\u00e9alistes dans une langue mixte et d\u00e9brid\u00e9e.<\/p>\n\n\n\n<p style=\"font-size:15px;font-style:normal;font-weight:200\">\/\/\/\/ <em>Art rock songs with surrealist poetry and cinematic instrumentals influenced by :::egg:::<\/em> Hindustani music, 77 punk, the musique concrete of Bernard Parmegiani\u2026 Marc Ribot, Arto Lindsay, Tom Waits,Dino Buzzati, Wenders, Hopper, Jack Vance, Antonioni &#8212;contact booking: <a href=\"mailto:pascal@julietippex.com\">pascal@julietippex.com<\/a><\/p>\n\n\n\n<p class=\"has-medium-pink-background-color has-background\" style=\"font-size:15px;font-style:normal;font-weight:200\">04\/2026 : EP 3 tracks The Prince-pirate (infos \u00e0 venir)<\/p>\n\n\n\n<figure class=\"wp-block-image size-large\"><img loading=\"lazy\" decoding=\"async\" width=\"1024\" height=\"1024\" src=\"http:\/\/franckdadure.com\/LCAD\/wp-content\/uploads\/2026\/03\/TPP-Design-Bandcamp-1024x1024.jpg\" alt=\"\" class=\"wp-image-2262\" srcset=\"http:\/\/franckdadure.com\/LCAD\/wp-content\/uploads\/2026\/03\/TPP-Design-Bandcamp-1024x1024.jpg 1024w, http:\/\/franckdadure.com\/LCAD\/wp-content\/uploads\/2026\/03\/TPP-Design-Bandcamp-300x300.jpg 300w, http:\/\/franckdadure.com\/LCAD\/wp-content\/uploads\/2026\/03\/TPP-Design-Bandcamp-150x150.jpg 150w, http:\/\/franckdadure.com\/LCAD\/wp-content\/uploads\/2026\/03\/TPP-Design-Bandcamp-768x768.jpg 768w, http:\/\/franckdadure.com\/LCAD\/wp-content\/uploads\/2026\/03\/TPP-Design-Bandcamp-1536x1536.jpg 1536w, http:\/\/franckdadure.com\/LCAD\/wp-content\/uploads\/2026\/03\/TPP-Design-Bandcamp.jpg 1772w\" sizes=\"auto, (max-width: 1024px) 100vw, 1024px\" \/><\/figure>\n\n\n<p><iframe loading=\"lazy\" title=\"YouTube video player\" src=\"https:\/\/www.youtube.com\/embed\/hWE2T1JOX1Q?si=7J-J-BzblRsM0ENm\" width=\"560\" height=\"315\" frameborder=\"0\" allowfullscreen=\"allowfullscreen\"><\/iframe><\/p>\n\n\n<p style=\"font-style:normal;font-weight:300\"><\/p>\n\n\n\n<p> \n\n<iframe loading=\"lazy\" width=\"560\" height=\"315\" src=\"https:\/\/www.youtube.com\/embed\/c_AYjE0Pils?si=PlKk14Dd6EUpQC0y\" title=\"YouTube video player\" frameborder=\"0\" allow=\"accelerometer; autoplay; clipboard-write; encrypted-media; gyroscope; picture-in-picture; web-share\" referrerpolicy=\"strict-origin-when-cross-origin\" allowfullscreen=\"\"><\/iframe>\n\n\n\n\n<\/p>\n\n\n\n<p>\n<iframe loading=\"lazy\" width=\"100%\" height=\"450\" scrolling=\"no\" frameborder=\"no\" allow=\"autoplay\" src=\"https:\/\/w.soundcloud.com\/player\/?url=https%3A\/\/api.soundcloud.com\/playlists\/1713912009&amp;color=%234a6abf&amp;auto_play=false&amp;hide_related=false&amp;show_comments=true&amp;show_user=true&amp;show_reposts=false&amp;show_teaser=false\"><\/iframe><\/p>\n\n\n\n<p><\/p>\n\n\n\n<p style=\"font-size:15px\"><strong>Franck Dadure<\/strong> <em>(<\/em> guitar\/chant\/ programmation): Guitariste, compositeur, chanteur, Franck est \u00e0 l\u2019origine de nombreux projets live<em><strong> <\/strong><\/em>(The Fakir orchestra\/les Saints sauveurs\/Tobrogo\u00ef\/Antenne en Fer&#8230;) et discographiques (M\u00e9lodies Lunatiques\/ Tako Mitsu pour Radio France, Djako ( Opium House) pour EMI\/ Wagram\/ Pschent\/\u00e9d.Dargent&#8230;) \u00ab\u00a0The Prince Pirate\u00a0\u00bb est son nouveau projet .<\/p>\n\n\n\n<p style=\"font-size:15px\"><strong>Arnaud Giroux <\/strong><em>(Emigrate\/Axel Bauer\/Daran&#8230;)<\/em> : Bass       Bassiste, producteur et compositeur, Arnaud a entre autre collabor\u00e9 avec Daran, Axel Bauer, Axelle Renoir, Thiefaine, Paul Personne et \u00e9galement Richard Kruspe (Rammstein) avec qui il a fond\u00e9 le groupe de m\u00e9tal industriel <em>Emigrate.<\/em><\/p>\n\n\n\n<p><\/p>\n\n\n\n<figure class=\"wp-block-image size-large is-style-default\"><img loading=\"lazy\" decoding=\"async\" width=\"1024\" height=\"1024\" src=\"http:\/\/franckdadure.com\/LCAD\/wp-content\/uploads\/2024\/09\/455786805_18062710753619043_6595718955790118443_n-1024x1024.jpg\" alt=\"\" class=\"wp-image-1799\" srcset=\"http:\/\/franckdadure.com\/LCAD\/wp-content\/uploads\/2024\/09\/455786805_18062710753619043_6595718955790118443_n-1024x1024.jpg 1024w, http:\/\/franckdadure.com\/LCAD\/wp-content\/uploads\/2024\/09\/455786805_18062710753619043_6595718955790118443_n-300x300.jpg 300w, http:\/\/franckdadure.com\/LCAD\/wp-content\/uploads\/2024\/09\/455786805_18062710753619043_6595718955790118443_n-150x150.jpg 150w, http:\/\/franckdadure.com\/LCAD\/wp-content\/uploads\/2024\/09\/455786805_18062710753619043_6595718955790118443_n-768x768.jpg 768w, http:\/\/franckdadure.com\/LCAD\/wp-content\/uploads\/2024\/09\/455786805_18062710753619043_6595718955790118443_n.jpg 1512w\" sizes=\"auto, (max-width: 1024px) 100vw, 1024px\" \/><figcaption class=\"wp-element-caption\">The Prince-pirate summer 2024 <em>photo\u00a9Val\u00e9rie Manikowski<\/em><\/figcaption><\/figure>\n\n\n\n<figure class=\"wp-block-image size-large\"><img loading=\"lazy\" decoding=\"async\" width=\"1024\" height=\"1024\" src=\"http:\/\/franckdadure.com\/LCAD\/wp-content\/uploads\/2024\/01\/3000x3000-BW-Pp-pochette-5-titres-2024-1024x1024.jpg\" alt=\"\" class=\"wp-image-1497\" srcset=\"http:\/\/franckdadure.com\/LCAD\/wp-content\/uploads\/2024\/01\/3000x3000-BW-Pp-pochette-5-titres-2024-1024x1024.jpg 1024w, http:\/\/franckdadure.com\/LCAD\/wp-content\/uploads\/2024\/01\/3000x3000-BW-Pp-pochette-5-titres-2024-300x300.jpg 300w, http:\/\/franckdadure.com\/LCAD\/wp-content\/uploads\/2024\/01\/3000x3000-BW-Pp-pochette-5-titres-2024-150x150.jpg 150w, http:\/\/franckdadure.com\/LCAD\/wp-content\/uploads\/2024\/01\/3000x3000-BW-Pp-pochette-5-titres-2024-768x768.jpg 768w, http:\/\/franckdadure.com\/LCAD\/wp-content\/uploads\/2024\/01\/3000x3000-BW-Pp-pochette-5-titres-2024-1536x1536.jpg 1536w, http:\/\/franckdadure.com\/LCAD\/wp-content\/uploads\/2024\/01\/3000x3000-BW-Pp-pochette-5-titres-2024-2048x2048.jpg 2048w\" sizes=\"auto, (max-width: 1024px) 100vw, 1024px\" \/><\/figure>\n\n\n\n<figure class=\"wp-block-image size-full\"><img loading=\"lazy\" decoding=\"async\" width=\"640\" height=\"480\" src=\"http:\/\/franckdadure.com\/LCAD\/wp-content\/uploads\/2024\/09\/IMG_1005-1.jpg\" alt=\"\" class=\"wp-image-1806\" srcset=\"http:\/\/franckdadure.com\/LCAD\/wp-content\/uploads\/2024\/09\/IMG_1005-1.jpg 640w, http:\/\/franckdadure.com\/LCAD\/wp-content\/uploads\/2024\/09\/IMG_1005-1-300x225.jpg 300w\" sizes=\"auto, (max-width: 640px) 100vw, 640px\" \/><\/figure>\n\n\n\n<p><em>The Prince pirate live summer 2024<\/em>  <em>photo\u00a9Val\u00e9rie Manikowski<\/em><\/p>\n\n\n\n<p style=\"font-size:15px;font-style:normal;font-weight:300\"><strong>Bio UK&nbsp; <\/strong> <strong>The Art-Rock of the Prince-pirate<\/strong><\/p>\n\n\n\n<p style=\"font-size:15px;font-style:normal;font-weight:300\"><em>A&nbsp; new stage band tailored to Franck Dadure, producer-musician oscillating between sweet madness and brilliant inspiration. The Prince-pirate is developing an ultra-euphoric and unusual musical potion based on electric guitar and surrealist poetry in a mixed English\/French language.<\/em><\/p>\n\n\n\n<p style=\"font-size:15px;font-style:normal;font-weight:300\">Musician &amp; Composer, Franck Dadure, sails between Paris and the Cotentin peninsula. At the origin of numerous projects, in perpetual search for new musical forms, composer for Radio France, and&nbsp; severals internationals labels, producer recognized for his iconoclastic tastes, explorer-alchemist of sounds, his curiosity leads him towards unexplored aesthetics, sources of surprising imagination.<\/p>\n\n\n\n<p>contact g\u00e9n\u00e9ral: &nbsp;<a rel=\"noreferrer noopener\" href=\"mailto:djakorecords@gmail.com\" target=\"_blank\">djakorecords@gmail.com<\/a><\/p>\n\n\n\n<p><\/p>\n","protected":false},"excerpt":{"rendered":"<p>Chansons rock-Arty \u00e0 la po\u00e9sie surr\u00e9aliste et instrumentaux cin\u00e9matiques aux nombreuses influences. The Prince-pirate \u00e9crit des histoires Rock po\u00e9tiques et surr\u00e9alistes dans une langue mixte et d\u00e9brid\u00e9e. \/\/\/\/ Art rock songs with surrealist poetry and cinematic instrumentals influenced by :::egg::: Hindustani music, 77 punk, the musique concrete of Bernard Parmegiani\u2026 Marc Ribot, Arto Lindsay, Tom &hellip; <a href=\"http:\/\/franckdadure.com\/LCAD\/index.php\/art-rock\/\" class=\"more-link\">Continuer la lecture de <span class=\"screen-reader-text\">The Prince-Pirate<\/span><\/a><\/p>\n","protected":false},"author":1,"featured_media":0,"parent":0,"menu_order":0,"comment_status":"closed","ping_status":"closed","template":"","meta":{"footnotes":""},"class_list":["post-1073","page","type-page","status-publish","hentry"],"_links":{"self":[{"href":"http:\/\/franckdadure.com\/LCAD\/index.php\/wp-json\/wp\/v2\/pages\/1073","targetHints":{"allow":["GET"]}}],"collection":[{"href":"http:\/\/franckdadure.com\/LCAD\/index.php\/wp-json\/wp\/v2\/pages"}],"about":[{"href":"http:\/\/franckdadure.com\/LCAD\/index.php\/wp-json\/wp\/v2\/types\/page"}],"author":[{"embeddable":true,"href":"http:\/\/franckdadure.com\/LCAD\/index.php\/wp-json\/wp\/v2\/users\/1"}],"replies":[{"embeddable":true,"href":"http:\/\/franckdadure.com\/LCAD\/index.php\/wp-json\/wp\/v2\/comments?post=1073"}],"version-history":[{"count":124,"href":"http:\/\/franckdadure.com\/LCAD\/index.php\/wp-json\/wp\/v2\/pages\/1073\/revisions"}],"predecessor-version":[{"id":2274,"href":"http:\/\/franckdadure.com\/LCAD\/index.php\/wp-json\/wp\/v2\/pages\/1073\/revisions\/2274"}],"wp:attachment":[{"href":"http:\/\/franckdadure.com\/LCAD\/index.php\/wp-json\/wp\/v2\/media?parent=1073"}],"curies":[{"name":"wp","href":"https:\/\/api.w.org\/{rel}","templated":true}]}}